{"id":2396,"date":"2024-03-13T16:52:23","date_gmt":"2024-03-13T07:52:23","guid":{"rendered":"https:\/\/phuong-tran.jp\/revi\/rose-moisturefor-refill\/"},"modified":"2024-03-13T23:14:50","modified_gmt":"2024-03-13T14:14:50","slug":"rose-moisturefor-refill","status":"publish","type":"product","link":"https:\/\/phuong-tran.jp\/vi\/revi\/rose-moisturefor-refill\/","title":{"rendered":"Rose Moisture(for refill)"},"content":{"rendered":"<h2>\u3010M\u00f4 t\u1ea3 s\u1ea3n ph\u1ea9m\u3011<\/h2>\n<p>\u3010Ghi ch\u00fa\u3011<\/p>\n<ul>\n<li>Khi mua h\u00e0ng b\u1eb1ng VND t\u1ea1i Vi\u1ec7t Nam, ch\u1ec9 ch\u1ea5p nh\u1eadn thanh to\u00e1n qua chuy\u1ec3n kho\u1ea3n ng\u00e2n h\u00e0ng.<\/li>\n<li>Khi mua h\u00e0ng b\u1eb1ng VND t\u1ea1i Vi\u1ec7t Nam, m\u1ee9c quy \u0111\u1ed5i l\u00e0 1 yen = 180 VND.<\/li>\n<\/ul>\n","protected":false},"excerpt":{"rendered":"<p>\u3010M\u00f4 t\u1ea3 s\u1ea3n ph\u1ea9m\u3011 \u3010Ghi ch\u00fa\u3011 Khi mua h\u00e0ng b\u1eb1ng VND t\u1ea1i Vi\u1ec7t Nam, ch\u1ec9 ch\u1ea5p nh\u1eadn thanh to\u00e1n qua chuy\u1ec3n kho\u1ea3n ng\u00e2n h\u00e0ng. Khi mua h\u00e0ng b\u1eb1ng VND t\u1ea1i Vi\u1ec7t Nam, m\u1ee9c quy \u0111\u1ed5i l\u00e0 1 yen = 180 VND.<\/p>\n","protected":false},"featured_media":2354,"comment_status":"open","ping_status":"closed","template":"","meta":{"pmpro_default_level":"","_uag_custom_page_level_css":""},"product_cat":[],"product_tag":[],"class_list":{"0":"post-2396","1":"product","2":"type-product","3":"status-publish","4":"has-post-thumbnail","6":"pmpro-has-access","8":"entry","9":"has-media","11":"first","12":"instock","13":"taxable","14":"shipping-taxable","15":"purchasable","16":"product-type-simple","17":"has-product-nav","18":"col","19":"span_1_of_3","20":"owp-content-center","21":"owp-thumbs-layout-horizontal","22":"owp-btn-normal","23":"owp-tabs-layout-horizontal","24":"has-no-thumbnails"},"uagb_featured_image_src":{"full":["https:\/\/phuong-tran.jp\/wp-content\/uploads\/2024\/03\/REVI-HC-046-2.webp",1000,1000,false],"thumbnail":["https:\/\/phuong-tran.jp\/wp-content\/uploads\/2024\/03\/REVI-HC-046-2-150x150.webp",150,150,true],"medium":["https:\/\/phuong-tran.jp\/wp-content\/uploads\/2024\/03\/REVI-HC-046-2-300x300.webp",300,300,true],"medium_large":["https:\/\/phuong-tran.jp\/wp-content\/uploads\/2024\/03\/REVI-HC-046-2-768x768.webp",768,768,true],"large":["https:\/\/phuong-tran.jp\/wp-content\/uploads\/2024\/03\/REVI-HC-046-2.webp",1000,1000,false],"1536x1536":["https:\/\/phuong-tran.jp\/wp-content\/uploads\/2024\/03\/REVI-HC-046-2.webp",1000,1000,false],"2048x2048":["https:\/\/phuong-tran.jp\/wp-content\/uploads\/2024\/03\/REVI-HC-046-2.webp",1000,1000,false],"ocean-thumb-m":["https:\/\/phuong-tran.jp\/wp-content\/uploads\/2024\/03\/REVI-HC-046-2.webp",600,600,false],"ocean-thumb-ml":["https:\/\/phuong-tran.jp\/wp-content\/uploads\/2024\/03\/REVI-HC-046-2.webp",450,450,false],"ocean-thumb-l":["https:\/\/phuong-tran.jp\/wp-content\/uploads\/2024\/03\/REVI-HC-046-2.webp",700,700,false],"mailpoet_newsletter_max":["https:\/\/phuong-tran.jp\/wp-content\/uploads\/2024\/03\/REVI-HC-046-2.webp",1000,1000,false],"woocommerce_thumbnail":["https:\/\/phuong-tran.jp\/wp-content\/uploads\/2024\/03\/REVI-HC-046-2-300x300.webp",300,300,true],"woocommerce_single":["https:\/\/phuong-tran.jp\/wp-content\/uploads\/2024\/03\/REVI-HC-046-2-600x600.webp",600,600,true],"woocommerce_gallery_thumbnail":["https:\/\/phuong-tran.jp\/wp-content\/uploads\/2024\/03\/REVI-HC-046-2-100x100.webp",100,100,true]},"uagb_author_info":{"display_name":"phuong-tran","author_link":"https:\/\/phuong-tran.jp\/vi\/author\/"},"uagb_comment_info":0,"uagb_excerpt":"\u3010M\u00f4 t\u1ea3 s\u1ea3n ph\u1ea9m\u3011 \u3010Ghi ch\u00fa\u3011 Khi mua h\u00e0ng b\u1eb1ng VND t\u1ea1i Vi\u1ec7t Nam, ch\u1ec9 ch\u1ea5p nh\u1eadn thanh to\u00e1n qua chuy\u1ec3n kho\u1ea3n ng\u00e2n h\u00e0ng. Khi mua h\u00e0ng b\u1eb1ng VND t\u1ea1i Vi\u1ec7t Nam, m\u1ee9c quy \u0111\u1ed5i l\u00e0 1 yen = 180 VND.","_links":{"self":[{"href":"https:\/\/phuong-tran.jp\/vi\/wp-json\/wp\/v2\/product\/2396","targetHints":{"allow":["GET"]}}],"collection":[{"href":"https:\/\/phuong-tran.jp\/vi\/wp-json\/wp\/v2\/product"}],"about":[{"href":"https:\/\/phuong-tran.jp\/vi\/wp-json\/wp\/v2\/types\/product"}],"replies":[{"embeddable":true,"href":"https:\/\/phuong-tran.jp\/vi\/wp-json\/wp\/v2\/comments?post=2396"}],"wp:featuredmedia":[{"embeddable":true,"href":"https:\/\/phuong-tran.jp\/vi\/wp-json\/wp\/v2\/media\/2354"}],"wp:attachment":[{"href":"https:\/\/phuong-tran.jp\/vi\/wp-json\/wp\/v2\/media?parent=2396"}],"wp:term":[{"taxonomy":"product_cat","embeddable":true,"href":"https:\/\/phuong-tran.jp\/vi\/wp-json\/wp\/v2\/product_cat?post=2396"},{"taxonomy":"product_tag","embeddable":true,"href":"https:\/\/phuong-tran.jp\/vi\/wp-json\/wp\/v2\/product_tag?post=2396"}],"curies":[{"name":"wp","href":"https:\/\/api.w.org\/{rel}","templated":true}]}}